{"id":522,"date":"2023-03-20T17:25:50","date_gmt":"2023-03-20T16:25:50","guid":{"rendered":"https:\/\/www.manufactorsinvest.com\/legal-notices\/"},"modified":"2026-03-03T11:33:33","modified_gmt":"2026-03-03T10:33:33","slug":"legal-notices","status":"publish","type":"page","link":"https:\/\/www.manufactorsinvest.com\/en\/legal-notices\/","title":{"rendered":"Legal notices"},"content":{"rendered":"<section class=\"wpb-content-wrapper\"><p>[vc_row el_class=&#8221;container&#8221; el_id=&#8221;notice-page&#8221;][vc_column][vc_column_text]<\/p>\n<h1>Legal notices<\/h1>\n<p>The website www.manufactorsinvest.com is published by:<br \/>\nMANUFACTORS INVEST, a public limited company, with its registered office at:<br \/>\n12 Quai du Commerce 69009 Lyon<br \/>\nRegistered in the LYON Trade and Companies Register under number B 88418793 and with a share capital of 4148695,00 \u20ac<br \/>\nEmail : contacts@robur.fr \u00e0<br \/>\nTelephone : +33 (0)4.37.85.08.00<br \/>\nPublishing director: Fady Perche Bassila<\/p>\n<h2>Article 1: Object<\/h2>\n<p>These Terms and Conditions of Use legally govern the use of the services of the manufactorsinvest.com website (hereinafter referred to as \u2018the website\u2019).<br \/>\nConstituting the contract between MANUFACTORS INVEST and the User, access to the website must be preceded by acceptance of these Terms and Conditions. Access to this platform implies acceptance of these Terms and Conditions. <\/p>\n<h2>Article 2: Legal notices<\/h2>\n<p>The manufactorsinvest.com website is published by ROBUR, a company registered in the Lyon Trade and Companies Register under number B 88418793, with its registered office located at 12 quai du commerce, 69009 Lyon, Metropolitan France.<br \/>\nThe host of the manufactorsinvest.com website is O2 Switch: 222-224 Boulevard Gustave Flaubert, 63000 Clermont-Ferrand, with capital of \u20ac100,000, Siret 510 909 80700024.<\/p>\n<h2>Article 3: Access to the website<\/h2>\n<p>The manufactorsinvest.com website provides access to institutional content.<br \/>\nThe website is accessible free of charge from anywhere by any user with Internet access. All costs necessary for accessing the services (computer equipment, Internet connection, etc.) are the responsibility of the user.<br \/>\nFor maintenance or other reasons, access to the website may be interrupted or suspended by the publisher without notice or justification. <\/p>\n<h2>Article 4: Data collection<\/h2>\n<p>In order to create a User account, it is necessary and mandatory to collect information at the time of registration on the website. In accordance with Law No. 78-17 of 6 January relating to data processing, files and freedoms, the collection and processing of personal information is carried out with respect for privacy.<br \/>\nIn accordance with Articles 39 and 40 of the Data Protection Act of 6 January 1978, Users have the right to access, rectify, delete and object to the use of their personal data. This right can be exercised via:<br \/>\nThe contact form;<br \/>\nTheir customer area.  <\/p>\n<h2>Article 5: Intellectual property<\/h2>\n<p>The trademarks, logos and content of the manufactorsinvest.com website (graphic illustrations, text, etc.) are protected by intellectual property law and copyright.<br \/>\nThe reproduction and copying of content by the User requires prior authorisation from the website. In this case, any use for commercial or advertising purposes is prohibited. <\/p>\n<h2>Article 6: Liability<\/h2>\n<p>Although the information published on the website is deemed reliable, the website reserves the right not to guarantee the reliability of the sources.<br \/>\nThe information published on the manufactorsinvest.com website is provided for informational purposes only and has no contractual value. Despite regular updates, the website cannot be held liable for any changes to administrative and legal provisions that may occur after publication. The same applies to the use and interpretation of the information provided on the platform.<br \/>\nThe website declines all responsibility for any viruses that may infect the User&#8217;s computer equipment after using or accessing this website.<br \/>\nThe website cannot be held liable in the event of force majeure or the unforeseeable and insurmountable actions of a third party.<br \/>\nThe website does not guarantee the total security and confidentiality of data. However, the website undertakes to implement all the methods required to do so to the best of its ability.   <\/p>\n<h2>Article 7: Hypertext links<\/h2>\n<p>The website may contain hypertext links. By clicking on these links, the User will leave the platform.<br \/>\nThe platform has no control over and cannot be held responsible for the content of web pages linked to these links. <\/p>\n<h2>Article 8: Cookies<\/h2>\n<p>During visits to the website, a cookie may be automatically installed on the User&#8217;s browser.<br \/>\nCookies are small files temporarily stored on the hard drive of the User&#8217;s computer. These cookies are necessary to ensure accessibility and navigation on the website. These files do not contain personal information and cannot be used to identify an individual.<br \/>\nThe information contained in cookies is used to improve browsing performance on the manufactorsinvest.com website.<br \/>\nBy browsing the website, the User accepts cookies. They can be disabled via the browser settings.   <\/p>\n<h2>Article 9: Contract duration<\/h2>\n<p>This contract is valid for an indefinite period. The start of use of the website&#8217;s services marks the application of the contract with regard to the User. <\/p>\n<h2>Article 10: Applicable law and competent jurisdiction<\/h2>\n<p>Le pr\u00e9sent contrat est soumis \u00e0 la l\u00e9gislation fran\u00e7aise. L\u2019absence de r\u00e9solution \u00e0 l\u2019amiable des cas de litige entre les parties implique le recours aux tribunaux fran\u00e7ais comp\u00e9tents pour r\u00e9gler le contentieux. [\/vc_column_text][\/vc_column][\/vc_row]<\/p>\n<\/section>","protected":false},"excerpt":{"rendered":"<p>[vc_row el_class=&#8221;container&#8221; el_id=&#8221;notice-page&#8221;][vc_column][vc_column_text] Legal notices The website www.manufactorsinvest.com is published by: MANUFACTORS INVEST, a public limited company, with its registered office at: 12 Quai du [&hellip;]<\/p>\n","protected":false},"author":1,"featured_media":0,"parent":0,"menu_order":0,"comment_status":"closed","ping_status":"closed","template":"","meta":{"om_disable_all_campaigns":false,"_monsterinsights_skip_tracking":false,"_monsterinsights_sitenote_active":false,"_monsterinsights_sitenote_note":"","_monsterinsights_sitenote_category":0,"footnotes":""},"class_list":["post-522","page","type-page","status-publish","hentry"],"acf":[],"aioseo_notices":[],"_links":{"self":[{"href":"https:\/\/www.manufactorsinvest.com\/en\/wp-json\/wp\/v2\/pages\/522","targetHints":{"allow":["GET"]}}],"collection":[{"href":"https:\/\/www.manufactorsinvest.com\/en\/wp-json\/wp\/v2\/pages"}],"about":[{"href":"https:\/\/www.manufactorsinvest.com\/en\/wp-json\/wp\/v2\/types\/page"}],"author":[{"embeddable":true,"href":"https:\/\/www.manufactorsinvest.com\/en\/wp-json\/wp\/v2\/users\/1"}],"replies":[{"embeddable":true,"href":"https:\/\/www.manufactorsinvest.com\/en\/wp-json\/wp\/v2\/comments?post=522"}],"version-history":[{"count":2,"href":"https:\/\/www.manufactorsinvest.com\/en\/wp-json\/wp\/v2\/pages\/522\/revisions"}],"predecessor-version":[{"id":524,"href":"https:\/\/www.manufactorsinvest.com\/en\/wp-json\/wp\/v2\/pages\/522\/revisions\/524"}],"wp:attachment":[{"href":"https:\/\/www.manufactorsinvest.com\/en\/wp-json\/wp\/v2\/media?parent=522"}],"curies":[{"name":"wp","href":"https:\/\/api.w.org\/{rel}","templated":true}]}}